{"id":201,"date":"2024-05-28T12:21:18","date_gmt":"2024-05-28T12:21:18","guid":{"rendered":"https:\/\/destinationsna.com\/?page_id=201"},"modified":"2025-04-07T15:21:11","modified_gmt":"2025-04-07T15:21:11","slug":"about-destinations-north-america","status":"publish","type":"page","link":"https:\/\/destinationsna.com\/fr\/about-destinations-north-america\/","title":{"rendered":"destinations amerique du nord"},"content":{"rendered":"<p><div class=\"fusion-fullwidth fullwidth-box fusion-builder-row-1 fusion-flex-container has-pattern-background has-mask-background fusion-parallax-none hundred-percent-fullwidth non-hundred-percent-height-scrolling\" style=\"--awb-border-radius-top-left:0px;--awb-border-radius-top-right:0px;--awb-border-radius-bottom-right:0px;--awb-border-radius-bottom-left:0px;--awb-padding-top:45px;--awb-padding-right:0px;--awb-padding-bottom:45px;--awb-padding-left:0px;--awb-margin-top:-50px;--awb-background-image:url(&quot;https:\/\/destinationsna.com\/wp-content\/uploads\/2024\/05\/pageheadermaster-1400x600about.jpg&quot;);--awb-background-size:cover;--awb-flex-wrap:wrap;\" ><div class=\"fusion-builder-row fusion-row fusion-flex-align-items-flex-start fusion-flex-content-wrap\" style=\"width:104% !important;max-width:104% !important;margin-left: calc(-4% \/ 2 );margin-right: calc(-4% \/ 2 );\"><div class=\"fusion-layout-column fusion_builder_column fusion-builder-column-0 fusion_builder_column_2_3 2_3 fusion-flex-column\" style=\"--awb-padding-top:3%;--awb-padding-right:10%;--awb-padding-bottom:3%;--awb-padding-left:20%;--awb-bg-color:rgba(255,255,255,0.8);--awb-bg-color-hover:rgba(255,255,255,0.8);--awb-bg-size:cover;--awb-width-large:66.6666666667%;--awb-margin-top-large:20px;--awb-spacing-right-large:2.88%;--awb-margin-bottom-large:20px;--awb-spacing-left-large:2.88%;--awb-width-medium:66.6666666667%;--awb-order-medium:0;--awb-spacing-right-medium:2.88%;--awb-spacing-left-medium:2.88%;--awb-width-small:100%;--awb-order-small:0;--awb-spacing-right-small:1.92%;--awb-spacing-left-small:1.92%;\" data-scroll-devices=\"small-visibility,medium-visibility,large-visibility\"><div class=\"fusion-column-wrapper fusion-column-has-shadow fusion-flex-justify-content-flex-start fusion-content-layout-column\"><div class=\"fusion-title title fusion-title-1 fusion-sep-none fusion-title-text fusion-title-size-three\" style=\"--awb-margin-top-small:10px;--awb-margin-right-small:0px;--awb-margin-bottom-small:10px;--awb-margin-left-small:0px;--awb-font-size:18px;\"><h3 class=\"fusion-title-heading title-heading-left\" style=\"margin:0;font-size:1em;line-height:12px;\">Destinations Am\u00e9rique du Nord<\/h3><\/div><div class=\"fusion-separator fusion-full-width-sep\" style=\"align-self: center;margin-left: auto;margin-right: auto;margin-bottom:-15px;width:100%;\"><\/div><div class=\"fusion-title title fusion-title-2 fusion-sep-none fusion-title-text fusion-title-size-two\" style=\"--awb-margin-top-small:10px;--awb-margin-right-small:0px;--awb-margin-bottom-small:10px;--awb-margin-left-small:0px;--awb-font-size:62px;\"><h2 class=\"fusion-title-heading title-heading-left\" style=\"margin:0;font-size:1em;line-height:64px;\">\u00c0 propos de Destinations Am\u00e9rique du Nord<\/h2><\/div><\/div><\/div><\/div><\/div><div class=\"fusion-fullwidth fullwidth-box fusion-builder-row-2 fusion-flex-container has-pattern-background has-mask-background nonhundred-percent-fullwidth non-hundred-percent-height-scrolling\" style=\"--awb-border-radius-top-left:0px;--awb-border-radius-top-right:0px;--awb-border-radius-bottom-right:0px;--awb-border-radius-bottom-left:0px;--awb-margin-top:100px;--awb-flex-wrap:wrap;\" ><div class=\"fusion-builder-row fusion-row fusion-flex-align-items-flex-start fusion-flex-content-wrap\" style=\"max-width:1248px;margin-left: calc(-4% \/ 2 );margin-right: calc(-4% \/ 2 );\"><div class=\"fusion-layout-column fusion_builder_column fusion-builder-column-1 fusion_builder_column_1_1 1_1 fusion-flex-column\" style=\"--awb-bg-size:cover;--awb-width-large:100%;--awb-margin-top-large:0px;--awb-spacing-right-large:1.92%;--awb-margin-bottom-large:20px;--awb-spacing-left-large:1.92%;--awb-width-medium:100%;--awb-order-medium:0;--awb-spacing-right-medium:1.92%;--awb-spacing-left-medium:1.92%;--awb-width-small:100%;--awb-order-small:0;--awb-spacing-right-small:1.92%;--awb-spacing-left-small:1.92%;\"><div class=\"fusion-column-wrapper fusion-column-has-shadow fusion-flex-justify-content-flex-start fusion-content-layout-column\"><div class=\"fusion-menu-anchor\" id=\"history\"><\/div><div class=\"fusion-title title fusion-title-3 fusion-sep-none fusion-title-text fusion-title-size-two\" style=\"--awb-margin-top-small:10px;--awb-margin-right-small:0px;--awb-margin-bottom-small:10px;--awb-margin-left-small:0px;\"><h2 class=\"fusion-title-heading title-heading-left\" style=\"margin:0;\">Notre histoire et nos valeurs<\/h2><\/div><div class=\"fusion-separator fusion-full-width-sep\" style=\"align-self: center;margin-left: auto;margin-right: auto;margin-bottom:-25px;width:100%;\"><\/div><div class=\"fusion-text fusion-text-1\"><h3>Des d\u00e9cennies de leadership dans l'industrie<\/h3>\n<\/div><div class=\"fusion-text fusion-text-2\"><p>Destinations North America a \u00e9t\u00e9 fond\u00e9e au d\u00e9but des ann\u00e9es 2000. Au d\u00e9part, nous nous sommes concentr\u00e9s sur les op\u00e9rations de manutention au sol dans la r\u00e9gion du fleuve Saint-Laurent. Une croissance sans pr\u00e9c\u00e9dent et l'int\u00e9r\u00eat pour les croisi\u00e8res en Am\u00e9rique du Nord ont permis \u00e0 notre \u00e9quipe de jouer un r\u00f4le actif dans le d\u00e9veloppement global de l'itin\u00e9raire de Cruise Canada New England.<\/p>\n<p>Nous avons \u00e9tabli des relations solides et authentiques avec les compagnies de croisi\u00e8re et avons voyag\u00e9 des Grands Lacs canadiens \u00e0 la c\u00f4te est des \u00c9tats-Unis, jusqu'\u00e0 la Floride et, enfin, jusqu'\u00e0 la c\u00f4te ouest du Canada et des \u00c9tats-Unis au cours des cinq derni\u00e8res ann\u00e9es.<\/p>\n<p>Depuis la cr\u00e9ation de la soci\u00e9t\u00e9 en 2013, nous sommes fiers de repr\u00e9senter nos partenaires croisi\u00e9ristes, op\u00e9rant dans de nombreux ports : Vancouver, les Grands Lacs canadiens, le Saint-Laurent, les c\u00f4tes Est et Ouest des \u00c9tats-Unis, ainsi que la Floride.<\/p>\n<p>Nous sommes fiers de proposer un grand nombre d'excursions dans la majorit\u00e9 des ports visit\u00e9s par les compagnies de croisi\u00e8res en Am\u00e9rique du Nord, avec des programmes d'excursions \u00e0 terre personnalis\u00e9s, et en exclusivit\u00e9 au Canada pour les services de retournement, d'agence portuaire et bien plus encore !<\/p>\n<\/div><\/div><\/div><\/div><\/div><div class=\"fusion-fullwidth fullwidth-box fusion-builder-row-3 fusion-flex-container has-pattern-background has-mask-background hundred-percent-fullwidth non-hundred-percent-height-scrolling\" style=\"--awb-border-radius-top-left:0px;--awb-border-radius-top-right:0px;--awb-border-radius-bottom-right:0px;--awb-border-radius-bottom-left:0px;--awb-padding-top:0px;--awb-padding-right:0px;--awb-padding-bottom:0px;--awb-padding-left:0px;--awb-margin-top:0px;--awb-margin-bottom:0px;--awb-flex-wrap:wrap;\" ><div class=\"fusion-builder-row fusion-row fusion-flex-align-items-flex-start fusion-flex-content-wrap\" style=\"width:104% !important;max-width:104% !important;margin-left: calc(-4% \/ 2 );margin-right: calc(-4% \/ 2 );\"><div class=\"fusion-layout-column fusion_builder_column fusion-builder-column-2 fusion_builder_column_1_1 1_1 fusion-flex-column\" style=\"--awb-bg-size:cover;--awb-width-large:100%;--awb-margin-top-large:0px;--awb-spacing-right-large:1.92%;--awb-margin-bottom-large:20px;--awb-spacing-left-large:1.92%;--awb-width-medium:100%;--awb-order-medium:0;--awb-spacing-right-medium:1.92%;--awb-spacing-left-medium:1.92%;--awb-width-small:100%;--awb-order-small:0;--awb-spacing-right-small:1.92%;--awb-spacing-left-small:1.92%;\"><div class=\"fusion-column-wrapper fusion-column-has-shadow fusion-flex-justify-content-flex-start fusion-content-layout-column\"><div class=\"fusion-image-element\" style=\"--awb-caption-title-font-family:var(--h2_typography-font-family);--awb-caption-title-font-weight:var(--h2_typography-font-weight);--awb-caption-title-font-style:var(--h2_typography-font-style);--awb-caption-title-size:var(--h2_typography-font-size);--awb-caption-title-transform:var(--h2_typography-text-transform);--awb-caption-title-line-height:var(--h2_typography-line-height);--awb-caption-title-letter-spacing:var(--h2_typography-letter-spacing);\"><span class=\"fusion-imageframe imageframe-none imageframe-1 hover-type-none\"><img decoding=\"async\" width=\"1400\" height=\"400\" title=\"indesignimage stripes-3\" src=\"https:\/\/destinationsna.com\/wp-content\/uploads\/2024\/05\/indesignimage-stripes-3.jpg\" alt class=\"img-responsive wp-image-204\" srcset=\"https:\/\/destinationsna.com\/wp-content\/uploads\/2024\/05\/indesignimage-stripes-3-200x57.jpg 200w, https:\/\/destinationsna.com\/wp-content\/uploads\/2024\/05\/indesignimage-stripes-3-400x114.jpg 400w, https:\/\/destinationsna.com\/wp-content\/uploads\/2024\/05\/indesignimage-stripes-3-600x171.jpg 600w, https:\/\/destinationsna.com\/wp-content\/uploads\/2024\/05\/indesignimage-stripes-3-800x229.jpg 800w, https:\/\/destinationsna.com\/wp-content\/uploads\/2024\/05\/indesignimage-stripes-3-1200x343.jpg 1200w, https:\/\/destinationsna.com\/wp-content\/uploads\/2024\/05\/indesignimage-stripes-3.jpg 1400w\" sizes=\"(max-width: 640px) 100vw, 1200px\" \/><\/span><\/div><\/div><\/div><\/div><\/div><div class=\"fusion-fullwidth fullwidth-box fusion-builder-row-4 fusion-flex-container has-pattern-background has-mask-background nonhundred-percent-fullwidth non-hundred-percent-height-scrolling\" style=\"--awb-border-radius-top-left:0px;--awb-border-radius-top-right:0px;--awb-border-radius-bottom-right:0px;--awb-border-radius-bottom-left:0px;--awb-margin-top:-100px;--awb-flex-wrap:wrap;\" ><div class=\"fusion-builder-row fusion-row fusion-flex-align-items-flex-start fusion-flex-content-wrap\" style=\"max-width:1248px;margin-left: calc(-4% \/ 2 );margin-right: calc(-4% \/ 2 );\"><div class=\"fusion-layout-column fusion_builder_column fusion-builder-column-3 fusion_builder_column_1_1 1_1 fusion-flex-column\" style=\"--awb-bg-size:cover;--awb-width-large:100%;--awb-margin-top-large:0px;--awb-spacing-right-large:1.92%;--awb-margin-bottom-large:20px;--awb-spacing-left-large:1.92%;--awb-width-medium:100%;--awb-order-medium:0;--awb-spacing-right-medium:1.92%;--awb-spacing-left-medium:1.92%;--awb-width-small:100%;--awb-order-small:0;--awb-spacing-right-small:1.92%;--awb-spacing-left-small:1.92%;\"><div class=\"fusion-column-wrapper fusion-column-has-shadow fusion-flex-justify-content-flex-start fusion-content-layout-column\"><div class=\"fusion-menu-anchor\" id=\"structure\"><\/div><div class=\"fusion-title title fusion-title-4 fusion-sep-none fusion-title-text fusion-title-size-two\" style=\"--awb-margin-top-small:10px;--awb-margin-right-small:0px;--awb-margin-bottom-small:10px;--awb-margin-left-small:0px;\"><h2 class=\"fusion-title-heading title-heading-left\" style=\"margin:0;\">Notre structure d'entreprise<\/h2><\/div><div class=\"fusion-separator fusion-full-width-sep\" style=\"align-self: center;margin-left: auto;margin-right: auto;margin-bottom:-25px;width:100%;\"><\/div><div class=\"fusion-text fusion-text-3\"><h3 class=\"fusion-responsive-typography-calculated\" style=\"--fontsize: 28; line-height: 1.3;\" data-fontsize=\"28\" data-lineheight=\"36.4px\">Deux entreprises, une mission<\/h3>\n<\/div><div class=\"fusion-text fusion-text-4\"><p>Au fur et \u00e0 mesure que notre organisation s'est d\u00e9velopp\u00e9e et que notre champ d'action s'est \u00e9tendu, nous avons pris la d\u00e9cision strat\u00e9gique de structurer notre organisation en deux soci\u00e9t\u00e9s travaillant ensemble afin de mieux servir nos clients internationaux. Destinations North America dessert nos ports canadiens, tandis que Destinations North America LLC dessert nos ports am\u00e9ricains. Chaque division \u00e9tant dirig\u00e9e et dot\u00e9e de professionnels du voyage exp\u00e9riment\u00e9s, nous travaillons en collaboration pour offrir une exp\u00e9rience fluide \u00e0 nos clients croisi\u00e9ristes lorsque leurs itin\u00e9raires les am\u00e8nent dans des ports de toute l'Am\u00e9rique du Nord.<\/p>\n<\/div><\/div><\/div><\/div><\/div><div class=\"fusion-fullwidth fullwidth-box fusion-builder-row-5 fusion-flex-container has-pattern-background has-mask-background nonhundred-percent-fullwidth non-hundred-percent-height-scrolling\" style=\"--awb-border-radius-top-left:0px;--awb-border-radius-top-right:0px;--awb-border-radius-bottom-right:0px;--awb-border-radius-bottom-left:0px;--awb-flex-wrap:wrap;\" ><div class=\"fusion-builder-row fusion-row fusion-flex-align-items-flex-start fusion-flex-content-wrap\" style=\"max-width:1248px;margin-left: calc(-4% \/ 2 );margin-right: calc(-4% \/ 2 );\"><div class=\"fusion-layout-column fusion_builder_column fusion-builder-column-4 fusion_builder_column_1_1 1_1 fusion-flex-column\" style=\"--awb-bg-size:cover;--awb-width-large:100%;--awb-margin-top-large:0px;--awb-spacing-right-large:1.92%;--awb-margin-bottom-large:20px;--awb-spacing-left-large:1.92%;--awb-width-medium:100%;--awb-order-medium:0;--awb-spacing-right-medium:1.92%;--awb-spacing-left-medium:1.92%;--awb-width-small:100%;--awb-order-small:0;--awb-spacing-right-small:1.92%;--awb-spacing-left-small:1.92%;\"><div class=\"fusion-column-wrapper fusion-column-has-shadow fusion-flex-justify-content-flex-start fusion-content-layout-column\"><div class=\"fusion-menu-anchor\" id=\"seamless\"><\/div><div class=\"fusion-title title fusion-title-5 fusion-sep-none fusion-title-text fusion-title-size-two\" style=\"--awb-margin-top-small:10px;--awb-margin-right-small:0px;--awb-margin-bottom-small:10px;--awb-margin-left-small:0px;\"><h2 class=\"fusion-title-heading title-heading-left\" style=\"margin:0;\">Notre approche sans faille<\/h2><\/div><div class=\"fusion-separator fusion-full-width-sep\" style=\"align-self: center;margin-left: auto;margin-right: auto;margin-bottom:-25px;width:100%;\"><\/div><div class=\"fusion-text fusion-text-5\"><h3>\u00c0 vos c\u00f4t\u00e9s tout au long de votre parcours<\/h3>\n<\/div><div class=\"fusion-text fusion-text-6\"><p>Notre structure permet \u00e0 nos clients croisi\u00e9ristes et \u00e0 leurs invit\u00e9s de vivre une exp\u00e9rience sans faille lors de leur voyage entre les ports des \u00c9tats-Unis et du Canada. Gr\u00e2ce \u00e0 des syst\u00e8mes de gestion communs et \u00e0 une communication exceptionnelle entre nos \u00e9quipes am\u00e9ricaines et canadiennes, Destinations North America peut s'assurer que tous les besoins sont satisfaits \u00e0 chaque \u00e9tape de l'itin\u00e9raire.<\/p>\n<\/div><\/div><\/div><\/div><\/div><div class=\"fusion-fullwidth fullwidth-box fusion-builder-row-6 fusion-flex-container has-pattern-background has-mask-background nonhundred-percent-fullwidth non-hundred-percent-height-scrolling\" style=\"--awb-border-radius-top-left:0px;--awb-border-radius-top-right:0px;--awb-border-radius-bottom-right:0px;--awb-border-radius-bottom-left:0px;--awb-flex-wrap:wrap;\" ><div class=\"fusion-builder-row fusion-row fusion-flex-align-items-flex-start fusion-flex-content-wrap\" style=\"max-width:1248px;margin-left: calc(-4% \/ 2 );margin-right: calc(-4% \/ 2 );\"><div class=\"fusion-layout-column fusion_builder_column fusion-builder-column-5 fusion_builder_column_1_1 1_1 fusion-flex-column\" style=\"--awb-bg-size:cover;--awb-width-large:100%;--awb-margin-top-large:0px;--awb-spacing-right-large:1.92%;--awb-margin-bottom-large:20px;--awb-spacing-left-large:1.92%;--awb-width-medium:100%;--awb-order-medium:0;--awb-spacing-right-medium:1.92%;--awb-spacing-left-medium:1.92%;--awb-width-small:100%;--awb-order-small:0;--awb-spacing-right-small:1.92%;--awb-spacing-left-small:1.92%;\"><div class=\"fusion-column-wrapper fusion-column-has-shadow fusion-flex-justify-content-flex-start fusion-content-layout-column\"><div class=\"fusion-menu-anchor\" id=\"local\"><\/div><div class=\"fusion-title title fusion-title-6 fusion-sep-none fusion-title-text fusion-title-size-two\" style=\"--awb-margin-top-small:10px;--awb-margin-right-small:0px;--awb-margin-bottom-small:10px;--awb-margin-left-small:0px;\"><h2 class=\"fusion-title-heading title-heading-left\" style=\"margin:0;\">Notre approche locale<\/h2><\/div><div class=\"fusion-separator fusion-full-width-sep\" style=\"align-self: center;margin-left: auto;margin-right: auto;margin-bottom:-25px;width:100%;\"><\/div><div class=\"fusion-text fusion-text-7\"><h3 class=\"fusion-responsive-typography-calculated\" style=\"--fontsize: 28; line-height: 1.3;\" data-fontsize=\"28\" data-lineheight=\"36.4px\">Profond\u00e9ment investis et connect\u00e9s dans les communaut\u00e9s que nous servons<\/h3>\n<\/div><div class=\"fusion-text fusion-text-8\"><p>Destinations Am\u00e9rique du Nord se distingue notamment par le fait que son personnel local est personnellement investi et profond\u00e9ment ancr\u00e9 dans chacun des ports qu'elle dessert. Nous avons des bureaux au Qu\u00e9bec, \u00e0 Montr\u00e9al, \u00e0 Vancouver et \u00e0 Miami, de sorte que notre direction est toujours facilement accessible, mais c'est notre personnel local qui est la cl\u00e9 du service hautement personnalis\u00e9 que nous sommes en mesure de fournir. Notre structure comprend des \u00e9quipes locales qui supervisent les op\u00e9rations et travaillent en \u00e9troite collaboration avec la communaut\u00e9.<\/p>\n<\/div><\/div><\/div><\/div><\/div><div class=\"fusion-fullwidth fullwidth-box fusion-builder-row-7 fusion-flex-container has-pattern-background has-mask-background nonhundred-percent-fullwidth non-hundred-percent-height-scrolling\" style=\"--awb-border-radius-top-left:0px;--awb-border-radius-top-right:0px;--awb-border-radius-bottom-right:0px;--awb-border-radius-bottom-left:0px;--awb-flex-wrap:wrap;\" ><div class=\"fusion-builder-row fusion-row fusion-flex-align-items-flex-start fusion-flex-content-wrap\" style=\"max-width:1248px;margin-left: calc(-4% \/ 2 );margin-right: calc(-4% \/ 2 );\"><div class=\"fusion-layout-column fusion_builder_column fusion-builder-column-6 fusion_builder_column_1_1 1_1 fusion-flex-column\" style=\"--awb-bg-size:cover;--awb-width-large:100%;--awb-margin-top-large:0px;--awb-spacing-right-large:1.92%;--awb-margin-bottom-large:20px;--awb-spacing-left-large:1.92%;--awb-width-medium:100%;--awb-order-medium:0;--awb-spacing-right-medium:1.92%;--awb-spacing-left-medium:1.92%;--awb-width-small:100%;--awb-order-small:0;--awb-spacing-right-small:1.92%;--awb-spacing-left-small:1.92%;\"><div class=\"fusion-column-wrapper fusion-column-has-shadow fusion-flex-justify-content-flex-start fusion-content-layout-column\"><div class=\"fusion-menu-anchor\" id=\"who\"><\/div><div class=\"fusion-title title fusion-title-7 fusion-sep-none fusion-title-text fusion-title-size-two\" style=\"--awb-margin-top-small:10px;--awb-margin-right-small:0px;--awb-margin-bottom-small:10px;--awb-margin-left-small:0px;\"><h2 class=\"fusion-title-heading title-heading-left\" style=\"margin:0;\">Qui nous servons<\/h2><\/div><div class=\"fusion-separator fusion-full-width-sep\" style=\"align-self: center;margin-left: auto;margin-right: auto;margin-bottom:-25px;width:100%;\"><\/div><div class=\"fusion-text fusion-text-9\"><h3 class=\"fusion-responsive-typography-calculated\" style=\"--fontsize: 28; line-height: 1.3;\" data-fontsize=\"28\" data-lineheight=\"36.4px\">Apporter de la valeur aux compagnies de croisi\u00e8re, \u00e0 leurs clients et aux acteurs locaux<\/h3>\n<\/div><div class=\"fusion-text fusion-text-10\"><p>Nous sommes avant tout au service de nos clients croisi\u00e9ristes. Nous nous engageons \u00e0 fournir un service professionnel qui gagnera et conservera votre confiance. Nous comprenons que votre principale pr\u00e9occupation est la s\u00e9curit\u00e9 et le plaisir que vos invit\u00e9s \u00e9prouvent lors de leurs voyages avec vous et que chaque marque a ses propres exigences. C'est pourquoi nos \u00e9quipes locales mettent l'accent sur la satisfaction de leurs moindres besoins et sur l'offre d'une exp\u00e9rience inoubliable dans nos ports locaux, qui satisfasse non seulement chaque compagnie de croisi\u00e8re, mais aussi, plus sp\u00e9cifiquement, chaque marque. (Enfin, nous nous effor\u00e7ons d'apporter de la valeur aux ports locaux que nous desservons en pr\u00e9servant leur propre individualit\u00e9. En faisant partie int\u00e9grante de la communaut\u00e9, nous sommes en mesure de soutenir les personnes qui gagnent leur vie gr\u00e2ce \u00e0 l'industrie touristique locale. Nous pensons que le voyage consiste \u00e0 construire des ponts et \u00e0 partager des exp\u00e9riences mutuellement b\u00e9n\u00e9fiques. Nous faisons tout ce qui est en notre pouvoir pour favoriser ces liens.<\/p>\n<\/div><\/div><\/div><\/div><\/div><div class=\"fusion-fullwidth fullwidth-box fusion-builder-row-8 fusion-flex-container has-pattern-background has-mask-background nonhundred-percent-fullwidth non-hundred-percent-height-scrolling\" style=\"--awb-border-radius-top-left:0px;--awb-border-radius-top-right:0px;--awb-border-radius-bottom-right:0px;--awb-border-radius-bottom-left:0px;--awb-flex-wrap:wrap;\" ><div class=\"fusion-builder-row fusion-row fusion-flex-align-items-flex-start fusion-flex-content-wrap\" style=\"max-width:1248px;margin-left: calc(-4% \/ 2 );margin-right: calc(-4% \/ 2 );\"><div class=\"fusion-layout-column fusion_builder_column fusion-builder-column-7 fusion_builder_column_1_1 1_1 fusion-flex-column\" style=\"--awb-bg-size:cover;--awb-width-large:100%;--awb-margin-top-large:0px;--awb-spacing-right-large:1.92%;--awb-margin-bottom-large:20px;--awb-spacing-left-large:1.92%;--awb-width-medium:100%;--awb-order-medium:0;--awb-spacing-right-medium:1.92%;--awb-spacing-left-medium:1.92%;--awb-width-small:100%;--awb-order-small:0;--awb-spacing-right-small:1.92%;--awb-spacing-left-small:1.92%;\"><div class=\"fusion-column-wrapper fusion-column-has-shadow fusion-flex-justify-content-flex-start fusion-content-layout-column\"><div style=\"text-align:center;\"><a class=\"fusion-button button-flat fusion-button-default-size button-default fusion-button-default button-1 fusion-button-default-span fusion-button-default-type\" target=\"_self\" href=\"https:\/\/destinationsna.com\/fr\/?page_id=21\"><span class=\"fusion-button-text awb-button__text awb-button__text--default\">CONTACTEZ-NOUS POUR DISCUTER DE VOS BESOINS<\/span><\/a><\/div><\/div><\/div><\/div><\/div><\/p>","protected":false},"excerpt":{"rendered":"","protected":false},"author":1,"featured_media":0,"parent":0,"menu_order":0,"comment_status":"closed","ping_status":"closed","template":"100-width.php","meta":{"footnotes":""},"class_list":["post-201","page","type-page","status-publish","hentry"],"_links":{"self":[{"href":"https:\/\/destinationsna.com\/fr\/wp-json\/wp\/v2\/pages\/201","targetHints":{"allow":["GET"]}}],"collection":[{"href":"https:\/\/destinationsna.com\/fr\/wp-json\/wp\/v2\/pages"}],"about":[{"href":"https:\/\/destinationsna.com\/fr\/wp-json\/wp\/v2\/types\/page"}],"author":[{"embeddable":true,"href":"https:\/\/destinationsna.com\/fr\/wp-json\/wp\/v2\/users\/1"}],"replies":[{"embeddable":true,"href":"https:\/\/destinationsna.com\/fr\/wp-json\/wp\/v2\/comments?post=201"}],"version-history":[{"count":0,"href":"https:\/\/destinationsna.com\/fr\/wp-json\/wp\/v2\/pages\/201\/revisions"}],"wp:attachment":[{"href":"https:\/\/destinationsna.com\/fr\/wp-json\/wp\/v2\/media?parent=201"}],"curies":[{"name":"wp","href":"https:\/\/api.w.org\/{rel}","templated":true}]}}